{"id":52,"date":"2022-01-12T02:21:40","date_gmt":"2022-01-12T01:21:40","guid":{"rendered":"https:\/\/bip.szpitalpsychiatryczny.radom.pl\/?page_id=52"},"modified":"2023-11-30T12:19:35","modified_gmt":"2023-11-30T11:19:35","slug":"struktura-organizacyjna","status":"publish","type":"page","link":"https:\/\/bip.szpitalpsychiatryczny.radom.pl\/?page_id=52","title":{"rendered":"Struktura organizacyjna"},"content":{"rendered":"\n<p>Struktura organizacyjna Szpitala sk\u0142ada si\u0119 z:<\/p>\n\n\n\n<p>\u2013 oddzia\u0142\u00f3w szpitalnych, <br>\u2013 innych kom\u00f3rek dzia\u0142alno\u015bci podstawowej, realizuj\u0105cych procedury medyczne, kom\u00f3rek dzia\u0142alno\u015bci organizacyjno \u2013 prawnej, ekonomiczno \u2013 finansowej, administracyjnej, gospodarczej i technicznej. <\/p>\n\n\n\n<p>Szczeg\u00f3\u0142ow\u0105 struktur\u0119 organizacyjn\u0105 okre\u015bla Schemat organizacyjny, b\u0119d\u0105cy za\u0142\u0105cznikiem do Regulaminu organizacyjnego.<\/p>\n\n\n\n<p>Regulamin organizacyjny oraz Statut Szpitala w formacie pdf do pobrania&nbsp;poni\u017cej.<\/p>\n<!-- WP Attachments -->\r\n        <div style=\"width:100%;margin:10px 0 10px 0;\">\r\n            <h3>Do pobrania<\/h3>\r\n        <ul class=\"post-attachments\"><li class=\"post-attachment mime-application-pdf\"><a target=\"_blank\" rel=\"noopener noreferrer\" href=\"https:\/\/bip.szpitalpsychiatryczny.radom.pl\/wp-content\/uploads\/2023\/11\/regulamin_2023.pdf\">Regulamin organizacyjny<\/a> <small>(6 MB)<\/small><\/li><li class=\"post-attachment mime-application-pdf\"><a target=\"_blank\" rel=\"noopener noreferrer\" href=\"https:\/\/bip.szpitalpsychiatryczny.radom.pl\/wp-content\/uploads\/2022\/06\/statut.pdf\">Statut Szpitala<\/a> <small>(2 MB)<\/small><\/li><li class=\"post-attachment mime-application-pdf\"><a target=\"_blank\" rel=\"noopener noreferrer\" href=\"https:\/\/bip.szpitalpsychiatryczny.radom.pl\/wp-content\/uploads\/2022\/06\/zmiana-statutu_2018.pdf\">Zmiana Statutu 2018<\/a> <small>(188 kB)<\/small><\/li><\/ul><\/div>","protected":false},"excerpt":{"rendered":"<p>Struktura organizacyjna Szpitala sk\u0142ada si\u0119 z: \u2013 oddzia\u0142\u00f3w szpitalnych, \u2013 innych kom\u00f3rek dzia\u0142alno\u015bci podstawowej, realizuj\u0105cych procedury medyczne, kom\u00f3rek dzia\u0142alno\u015bci organizacyjno \u2013 prawnej, ekonomiczno \u2013 finansowej, administracyjnej, gospodarczej i technicznej. Szczeg\u00f3\u0142ow\u0105 struktur\u0119 organizacyjn\u0105 okre\u015bla Schemat organizacyjny, b\u0119d\u0105cy za\u0142\u0105cznikiem do Regulaminu organizacyjnego. Regulamin organizacyjny oraz Statut Szpitala w formacie pdf do pobrania&nbsp;poni\u017cej. &hellip;<\/p>\n","protected":false},"author":2,"featured_media":0,"parent":0,"menu_order":0,"comment_status":"closed","ping_status":"closed","template":"","meta":{"footnotes":""},"class_list":["post-52","page","type-page","status-publish","hentry"],"acf":[],"_links":{"self":[{"href":"https:\/\/bip.szpitalpsychiatryczny.radom.pl\/index.php?rest_route=\/wp\/v2\/pages\/52","targetHints":{"allow":["GET"]}}],"collection":[{"href":"https:\/\/bip.szpitalpsychiatryczny.radom.pl\/index.php?rest_route=\/wp\/v2\/pages"}],"about":[{"href":"https:\/\/bip.szpitalpsychiatryczny.radom.pl\/index.php?rest_route=\/wp\/v2\/types\/page"}],"author":[{"embeddable":true,"href":"https:\/\/bip.szpitalpsychiatryczny.radom.pl\/index.php?rest_route=\/wp\/v2\/users\/2"}],"replies":[{"embeddable":true,"href":"https:\/\/bip.szpitalpsychiatryczny.radom.pl\/index.php?rest_route=%2Fwp%2Fv2%2Fcomments&post=52"}],"version-history":[{"count":6,"href":"https:\/\/bip.szpitalpsychiatryczny.radom.pl\/index.php?rest_route=\/wp\/v2\/pages\/52\/revisions"}],"predecessor-version":[{"id":2449,"href":"https:\/\/bip.szpitalpsychiatryczny.radom.pl\/index.php?rest_route=\/wp\/v2\/pages\/52\/revisions\/2449"}],"wp:attachment":[{"href":"https:\/\/bip.szpitalpsychiatryczny.radom.pl\/index.php?rest_route=%2Fwp%2Fv2%2Fmedia&parent=52"}],"curies":[{"name":"wp","href":"https:\/\/api.w.org\/{rel}","templated":true}]}}