{"id":42,"date":"2022-01-12T02:13:27","date_gmt":"2022-01-12T01:13:27","guid":{"rendered":"https:\/\/bip.szpitalpsychiatryczny.radom.pl\/?page_id=42"},"modified":"2025-01-02T10:33:18","modified_gmt":"2025-01-02T09:33:18","slug":"rada-spoleczna-szpitala","status":"publish","type":"page","link":"https:\/\/bip.szpitalpsychiatryczny.radom.pl\/?page_id=42","title":{"rendered":"Rada spo\u0142eczna szpitala"},"content":{"rendered":"\n<p>Sk\u0142ad Rady Spo\u0142ecznej naszego szpitala na dzie\u0144 12.11.2024:<\/p>\n\n\n\n<p>Przewodnicz\u0105ca Rady Spo\u0142ecznej \u2013\u00a0<strong>Bo\u017cenna Pacholczak<\/strong> <br>Przedstawiciel Wojewody Mazowieckiego &#8211; <strong>Dawid Ruszczyk<\/strong><\/p>\n\n\n\n<p>Przedstawiciele Sejmiku Wojew\u00f3dztwa Mazowieckiego:<\/p>\n\n\n\n<p><ol><br><li><strong>Adam Duszyk<\/strong><\/li><br><li><strong>Zbigniew Mazurkiewicz<\/strong><\/li><br><li><strong>Piotr Papis<\/strong><\/li><br><li><strong>Rafa\u0142 Rajkowski<\/strong><\/li><br><li><strong>\u0141ukasz Skrzeczy\u0144ski<\/strong><\/li><br><li><strong>Agnieszka Stolarczyk<\/strong><\/li><br><\/ol><\/p>\n\n\n\n<p><\/p>\n","protected":false},"excerpt":{"rendered":"<p>Sk\u0142ad Rady Spo\u0142ecznej naszego szpitala na dzie\u0144 12.11.2024: Przewodnicz\u0105ca Rady Spo\u0142ecznej \u2013\u00a0Bo\u017cenna Pacholczak Przedstawiciel Wojewody Mazowieckiego &#8211; Dawid Ruszczyk Przedstawiciele Sejmiku Wojew\u00f3dztwa Mazowieckiego: Adam DuszykZbigniew MazurkiewiczPiotr PapisRafa\u0142 Rajkowski\u0141ukasz Skrzeczy\u0144skiAgnieszka Stolarczyk<\/p>\n","protected":false},"author":2,"featured_media":0,"parent":0,"menu_order":0,"comment_status":"closed","ping_status":"closed","template":"","meta":{"footnotes":""},"class_list":["post-42","page","type-page","status-publish","hentry"],"acf":[],"_links":{"self":[{"href":"https:\/\/bip.szpitalpsychiatryczny.radom.pl\/index.php?rest_route=\/wp\/v2\/pages\/42","targetHints":{"allow":["GET"]}}],"collection":[{"href":"https:\/\/bip.szpitalpsychiatryczny.radom.pl\/index.php?rest_route=\/wp\/v2\/pages"}],"about":[{"href":"https:\/\/bip.szpitalpsychiatryczny.radom.pl\/index.php?rest_route=\/wp\/v2\/types\/page"}],"author":[{"embeddable":true,"href":"https:\/\/bip.szpitalpsychiatryczny.radom.pl\/index.php?rest_route=\/wp\/v2\/users\/2"}],"replies":[{"embeddable":true,"href":"https:\/\/bip.szpitalpsychiatryczny.radom.pl\/index.php?rest_route=%2Fwp%2Fv2%2Fcomments&post=42"}],"version-history":[{"count":4,"href":"https:\/\/bip.szpitalpsychiatryczny.radom.pl\/index.php?rest_route=\/wp\/v2\/pages\/42\/revisions"}],"predecessor-version":[{"id":2494,"href":"https:\/\/bip.szpitalpsychiatryczny.radom.pl\/index.php?rest_route=\/wp\/v2\/pages\/42\/revisions\/2494"}],"wp:attachment":[{"href":"https:\/\/bip.szpitalpsychiatryczny.radom.pl\/index.php?rest_route=%2Fwp%2Fv2%2Fmedia&parent=42"}],"curies":[{"name":"wp","href":"https:\/\/api.w.org\/{rel}","templated":true}]}}