{"id":39,"date":"2022-01-12T02:12:36","date_gmt":"2022-01-12T01:12:36","guid":{"rendered":"https:\/\/bip.szpitalpsychiatryczny.radom.pl\/?page_id=39"},"modified":"2022-01-17T23:13:44","modified_gmt":"2022-01-17T22:13:44","slug":"przyjmowanie-i-zalatwianie-spraw","status":"publish","type":"page","link":"https:\/\/bip.szpitalpsychiatryczny.radom.pl\/?page_id=39","title":{"rendered":"Przyjmowanie i za\u0142atwianie spraw"},"content":{"rendered":"\r\n<p>Korespondencj\u0119, w tym tak\u017ce faksy, przesy\u0142ki kurierskie i inne przyjmuje Kancelaria Szpitala i przekazuje do zadekretowania Dyrektorowi Naczelnemu Szpitala, a w przypadku jego nieobecno\u015bci \u2013 Zast\u0119pcy.<\/p>\r\n\r\n\r\n\r\n<p>Zadekretowan\u0105 korespondencj\u0119 odnotowan\u0105 w Dzienniku Korespondencyjnym przekazuje za potwierdzeniem odbioru w\u0142a\u015bciwym kom\u00f3rkom organizacyjnym, b\u0105d\u017a te\u017c stanowiskom do bezzw\u0142ocznego za\u0142atwienia.<\/p>\r\n\r\n\r\n\r\n<p>Sprawy s\u0105 rozpatrywane z zachowaniem trybu i termin\u00f3w zgodnych z kodeksem post\u0119powania administracyjnego.<\/p>\r\n\r\n\r\n\r\n<p>Kancelaria Szpitala udziela szczeg\u00f3\u0142owych informacji dotycz\u0105cych sposobu za\u0142atwiania spraw.<\/p>\r\n\r\n\r\n\r\n<p>Sprawy mo\u017cna za\u0142atwi\u0107 w formie pisemnej lub ustnej<\/p>\r\n\r\n\r\n\r\n<p>Za\u0142atwiane sprawy w formie pisemnej wychodz\u0105 na zewn\u0105trz wy\u0142\u0105cznie po podpisaniu przez Dyrektora Naczelnego Szpitala lub w czasie jego nieobecno\u015bci przez Zast\u0119pc\u0119.<\/p>\r\n\r\n\r\n\r\n<p>Sprawy dotycz\u0105ce \u015bwiadcze\u0144 medycznych za\u0142atwiaj\u0105 i udzielaj\u0105 wyja\u015bnie\u0144 ordynatorzy oddzia\u0142\u00f3w<\/p>\r\n\r\n\r\n\r\n<p>Organizacj\u0119 pracy w poszczeg\u00f3lnych kom\u00f3rkach organizacyjnych okre\u015bla regulamin pracy.<\/p>\r\n\r\n\r\n\r\n<p><strong>W sprawie skarg i wniosk\u00f3w:<\/strong> <br \/>Dyrektor Naczelny\u00a0<strong>mgr in\u017c. Miros\u0142aw \u015alifirczyk<\/strong>\u00a0przyjmuje:<\/p>\r\n\r\n\r\n\r\n<p>Wtorek: 12:00 \u2013 14:00 <br \/>Czwartek: 8:00 \u2013 10:00<\/p>\r\n<p>Rzecznik Praw Pacjenta dost\u0119pny jest pod adresem: <br \/><a href=\"https:\/\/www.gov.pl\/web\/rpp\/\" target=\"_blank\" rel=\"noopener\">Rzecznik Praw Pacjenta<\/a><\/p>\r\n","protected":false},"excerpt":{"rendered":"<p>Korespondencj\u0119, w tym tak\u017ce faksy, przesy\u0142ki kurierskie i inne przyjmuje Kancelaria Szpitala i przekazuje do zadekretowania Dyrektorowi Naczelnemu Szpitala, a w przypadku jego nieobecno\u015bci \u2013 Zast\u0119pcy. Zadekretowan\u0105 korespondencj\u0119 odnotowan\u0105 w Dzienniku Korespondencyjnym przekazuje za potwierdzeniem odbioru w\u0142a\u015bciwym kom\u00f3rkom organizacyjnym, b\u0105d\u017a te\u017c stanowiskom do bezzw\u0142ocznego za\u0142atwienia. Sprawy s\u0105 rozpatrywane z zachowaniem &hellip;<\/p>\n","protected":false},"author":2,"featured_media":0,"parent":0,"menu_order":0,"comment_status":"closed","ping_status":"closed","template":"","meta":{"footnotes":""},"class_list":["post-39","page","type-page","status-publish","hentry"],"acf":[],"_links":{"self":[{"href":"https:\/\/bip.szpitalpsychiatryczny.radom.pl\/index.php?rest_route=\/wp\/v2\/pages\/39","targetHints":{"allow":["GET"]}}],"collection":[{"href":"https:\/\/bip.szpitalpsychiatryczny.radom.pl\/index.php?rest_route=\/wp\/v2\/pages"}],"about":[{"href":"https:\/\/bip.szpitalpsychiatryczny.radom.pl\/index.php?rest_route=\/wp\/v2\/types\/page"}],"author":[{"embeddable":true,"href":"https:\/\/bip.szpitalpsychiatryczny.radom.pl\/index.php?rest_route=\/wp\/v2\/users\/2"}],"replies":[{"embeddable":true,"href":"https:\/\/bip.szpitalpsychiatryczny.radom.pl\/index.php?rest_route=%2Fwp%2Fv2%2Fcomments&post=39"}],"version-history":[{"count":2,"href":"https:\/\/bip.szpitalpsychiatryczny.radom.pl\/index.php?rest_route=\/wp\/v2\/pages\/39\/revisions"}],"predecessor-version":[{"id":41,"href":"https:\/\/bip.szpitalpsychiatryczny.radom.pl\/index.php?rest_route=\/wp\/v2\/pages\/39\/revisions\/41"}],"wp:attachment":[{"href":"https:\/\/bip.szpitalpsychiatryczny.radom.pl\/index.php?rest_route=%2Fwp%2Fv2%2Fmedia&parent=39"}],"curies":[{"name":"wp","href":"https:\/\/api.w.org\/{rel}","templated":true}]}}