{"id":19,"date":"2022-01-12T02:00:27","date_gmt":"2022-01-12T01:00:27","guid":{"rendered":"https:\/\/bip.szpitalpsychiatryczny.radom.pl\/?page_id=19"},"modified":"2022-01-17T23:13:44","modified_gmt":"2022-01-17T22:13:44","slug":"forma-prawna","status":"publish","type":"page","link":"https:\/\/bip.szpitalpsychiatryczny.radom.pl\/?page_id=19","title":{"rendered":"Forma prawna"},"content":{"rendered":"Szpital nasz jest podmiotem leczniczym nieb\u0119d\u0105cym przedsi\u0119biorc\u0105 w rozumieniu przepis\u00f3w ustawy z dnia 15 kwietnia 2011 r. o dzia\u0142alno\u015bci leczniczej.\r\nSPZOZ posiadaj\u0105cy osobowo\u015b\u0107 prawn\u0105.","protected":false},"excerpt":{"rendered":"<p>Szpital nasz jest podmiotem leczniczym nieb\u0119d\u0105cym przedsi\u0119biorc\u0105 w rozumieniu przepis\u00f3w ustawy z dnia 15 kwietnia 2011 r. o dzia\u0142alno\u015bci leczniczej. SPZOZ posiadaj\u0105cy osobowo\u015b\u0107 prawn\u0105.<\/p>\n","protected":false},"author":2,"featured_media":0,"parent":0,"menu_order":0,"comment_status":"closed","ping_status":"closed","template":"","meta":{"footnotes":""},"class_list":["post-19","page","type-page","status-publish","hentry"],"acf":[],"_links":{"self":[{"href":"https:\/\/bip.szpitalpsychiatryczny.radom.pl\/index.php?rest_route=\/wp\/v2\/pages\/19","targetHints":{"allow":["GET"]}}],"collection":[{"href":"https:\/\/bip.szpitalpsychiatryczny.radom.pl\/index.php?rest_route=\/wp\/v2\/pages"}],"about":[{"href":"https:\/\/bip.szpitalpsychiatryczny.radom.pl\/index.php?rest_route=\/wp\/v2\/types\/page"}],"author":[{"embeddable":true,"href":"https:\/\/bip.szpitalpsychiatryczny.radom.pl\/index.php?rest_route=\/wp\/v2\/users\/2"}],"replies":[{"embeddable":true,"href":"https:\/\/bip.szpitalpsychiatryczny.radom.pl\/index.php?rest_route=%2Fwp%2Fv2%2Fcomments&post=19"}],"version-history":[{"count":1,"href":"https:\/\/bip.szpitalpsychiatryczny.radom.pl\/index.php?rest_route=\/wp\/v2\/pages\/19\/revisions"}],"predecessor-version":[{"id":20,"href":"https:\/\/bip.szpitalpsychiatryczny.radom.pl\/index.php?rest_route=\/wp\/v2\/pages\/19\/revisions\/20"}],"wp:attachment":[{"href":"https:\/\/bip.szpitalpsychiatryczny.radom.pl\/index.php?rest_route=%2Fwp%2Fv2%2Fmedia&parent=19"}],"curies":[{"name":"wp","href":"https:\/\/api.w.org\/{rel}","templated":true}]}}