{"id":17,"date":"2022-01-12T02:00:12","date_gmt":"2022-01-12T01:00:12","guid":{"rendered":"https:\/\/bip.szpitalpsychiatryczny.radom.pl\/?page_id=17"},"modified":"2022-03-18T09:46:04","modified_gmt":"2022-03-18T08:46:04","slug":"diagnostyka","status":"publish","type":"page","link":"https:\/\/bip.szpitalpsychiatryczny.radom.pl\/?page_id=17","title":{"rendered":"Diagnostyka"},"content":{"rendered":"\n<p>Na zaplecze diagnostyczne naszego szpitala sk\u0142ada si\u0119:<\/p>\n\n\n\n<p><strong>Pracownia diagnostyki laboratoryjnej<\/strong>\u00a0wyposa\u017cona m.in. w: <\/p>\n\n\n\n<p>\u2013 nowoczesne analizatory biochemiczne, <\/p>\n\n\n\n<p>\u2013 analizator jonoselektywny, <\/p>\n\n\n\n<p>\u2013 analizator r\u00f3wnowagi kwasowo-zasadowej, <\/p>\n\n\n\n<p>\u2013 automatyczny analizator immunologiczny, <\/p>\n\n\n\n<p>\u2013 automatyczny analizator hematologiczny, <\/p>\n\n\n\n<p>\u2013 koagulometr, <\/p>\n\n\n\n<p>\u2013 analizator moczu.<\/p>\n\n\n\n<p><strong>Pracownia Rehabilitacji Leczniczej<\/strong>\u00a0z gabinetami: <\/p>\n\n\n\n<p>\u2013 Fizykoterapii, <\/p>\n\n\n\n<p>\u2013 Hydroterapii, <\/p>\n\n\n\n<p>\u2013 Kinezyterapii.<\/p>\n\n\n\n<p>Laboratorium szpitalne mie\u015bci si\u0119 w: Radom, ul. Krychnowicka 1, tel. (48) 332-46-73 czynne ca\u0142\u0105 dob\u0119. <\/p>\n\n\n\n<p>Filia \u2013 punkt pobra\u0144 znajduje si\u0119 w: <\/p>\n\n\n\n<p>Centrum Specjalistycznej Opieki Ambulatoryjnej <\/p>\n\n\n\n<p>Radom, ul. Miko\u0142aja Reja 30, tel. (48) 331-19-19 <\/p>\n\n\n\n<p>czynny od poniedzia\u0142ku do pi\u0105tku w godzinach 7:30 \u2013 9:30.<\/p>\n\n\n\n<p>Szczeg\u00f3\u0142owe informacje mo\u017cna uzyska\u0107 i um\u00f3wi\u0107 si\u0119 na badania pisz\u0105c na adres: <a href=\"mailto:laboratorium@szpitalpsychiatryczny.radom.pl\">laboratorium@szpitalpsychiatryczny.radom.pl<\/a>.<\/p>\n","protected":false},"excerpt":{"rendered":"<p>Na zaplecze diagnostyczne naszego szpitala sk\u0142ada si\u0119: Pracownia diagnostyki laboratoryjnej\u00a0wyposa\u017cona m.in. w: \u2013 nowoczesne analizatory biochemiczne, \u2013 analizator jonoselektywny, \u2013 analizator r\u00f3wnowagi kwasowo-zasadowej, \u2013 automatyczny analizator immunologiczny, \u2013 automatyczny analizator hematologiczny, \u2013 koagulometr, \u2013 analizator moczu. Pracownia Rehabilitacji Leczniczej\u00a0z gabinetami: \u2013 Fizykoterapii, \u2013 Hydroterapii, \u2013 Kinezyterapii. Laboratorium szpitalne mie\u015bci si\u0119 &hellip;<\/p>\n","protected":false},"author":2,"featured_media":0,"parent":0,"menu_order":0,"comment_status":"closed","ping_status":"closed","template":"","meta":{"footnotes":""},"class_list":["post-17","page","type-page","status-publish","hentry"],"acf":[],"_links":{"self":[{"href":"https:\/\/bip.szpitalpsychiatryczny.radom.pl\/index.php?rest_route=\/wp\/v2\/pages\/17","targetHints":{"allow":["GET"]}}],"collection":[{"href":"https:\/\/bip.szpitalpsychiatryczny.radom.pl\/index.php?rest_route=\/wp\/v2\/pages"}],"about":[{"href":"https:\/\/bip.szpitalpsychiatryczny.radom.pl\/index.php?rest_route=\/wp\/v2\/types\/page"}],"author":[{"embeddable":true,"href":"https:\/\/bip.szpitalpsychiatryczny.radom.pl\/index.php?rest_route=\/wp\/v2\/users\/2"}],"replies":[{"embeddable":true,"href":"https:\/\/bip.szpitalpsychiatryczny.radom.pl\/index.php?rest_route=%2Fwp%2Fv2%2Fcomments&post=17"}],"version-history":[{"count":8,"href":"https:\/\/bip.szpitalpsychiatryczny.radom.pl\/index.php?rest_route=\/wp\/v2\/pages\/17\/revisions"}],"predecessor-version":[{"id":2397,"href":"https:\/\/bip.szpitalpsychiatryczny.radom.pl\/index.php?rest_route=\/wp\/v2\/pages\/17\/revisions\/2397"}],"wp:attachment":[{"href":"https:\/\/bip.szpitalpsychiatryczny.radom.pl\/index.php?rest_route=%2Fwp%2Fv2%2Fmedia&parent=17"}],"curies":[{"name":"wp","href":"https:\/\/api.w.org\/{rel}","templated":true}]}}